{"id":710,"date":"2025-12-15T12:03:25","date_gmt":"2025-12-15T12:03:25","guid":{"rendered":"https:\/\/www.karagullefurniture.com\/?page_id=710"},"modified":"2025-12-15T12:15:13","modified_gmt":"2025-12-15T12:15:13","slug":"gizlilik-politikasi","status":"publish","type":"page","link":"https:\/\/www.karagullefurniture.com\/index.php\/gizlilik-politikasi\/","title":{"rendered":"Gizlilik Politikas\u0131"},"content":{"rendered":"<div class=\"fusion-fullwidth fullwidth-box fusion-builder-row-1 fusion-flex-container has-pattern-background has-mask-background nonhundred-percent-fullwidth non-hundred-percent-height-scrolling\" style=\"--awb-border-radius-top-left:0px;--awb-border-radius-top-right:0px;--awb-border-radius-bottom-right:0px;--awb-border-radius-bottom-left:0px;--awb-flex-wrap:wrap;\" ><div class=\"fusion-builder-row fusion-row fusion-flex-align-items-flex-start fusion-flex-content-wrap\" style=\"max-width:1248px;margin-left: calc(-4% \/ 2 );margin-right: calc(-4% \/ 2 );\"><div class=\"fusion-layout-column fusion_builder_column fusion-builder-column-0 fusion_builder_column_1_1 1_1 fusion-flex-column\" style=\"--awb-bg-size:cover;--awb-width-large:100%;--awb-margin-top-large:0px;--awb-spacing-right-large:1.92%;--awb-margin-bottom-large:20px;--awb-spacing-left-large:1.92%;--awb-width-medium:100%;--awb-order-medium:0;--awb-spacing-right-medium:1.92%;--awb-spacing-left-medium:1.92%;--awb-width-small:100%;--awb-order-small:0;--awb-spacing-right-small:1.92%;--awb-spacing-left-small:1.92%;\"><div class=\"fusion-column-wrapper fusion-column-has-shadow fusion-flex-justify-content-flex-start fusion-content-layout-column\"><div class=\"fusion-title title fusion-title-1 fusion-sep-none fusion-title-text fusion-title-size-two\" style=\"--awb-text-color:var(--awb-custom_color_1);--awb-margin-top-small:10px;--awb-margin-right-small:0px;--awb-margin-bottom-small:10px;--awb-margin-left-small:0px;\"><h2 class=\"fusion-title-heading title-heading-left\" style=\"margin:0;\">G\u0130ZL\u0130L\u0130K POL\u0130T\u0130KASI VE AYDINLATMA METN\u0130M\u0130Z<\/h2><\/div><div class=\"fusion-text fusion-text-1\"><p data-path-to-node=\"5\">&nbsp;<\/p>\n<p data-path-to-node=\"5\"><b>Karag\u00fclle Mobilya<\/b> (\u201c\u015eirket\u201d veya \u201cKarag\u00fclle Furniture\u201d) olarak, web sitemiz <b><a class=\"ng-star-inserted\" href=\"https:\/\/www.karagullefurniture.com\" target=\"_blank\" rel=\"noopener\" data-hveid=\"0\" data-ved=\"0CAAQ_4QMahgKEwikiayzjL-RAxUAAAAAHQAAAAAQogE\">www.karagullefurniture.com<\/a><\/b> (\u201cSite\u201d) ziyaret\u00e7ilerinin, m\u00fc\u015fterilerimizin ve i\u015f ortaklar\u0131m\u0131z\u0131n ki\u015fisel verilerinin gizlili\u011fine ve g\u00fcvenli\u011fine b\u00fcy\u00fck \u00f6nem veriyoruz. \u0130\u015fbu Gizlilik Politikas\u0131, 6698 say\u0131l\u0131 Ki\u015fisel Verilerin Korunmas\u0131 Kanunu (\u201cKVKK\u201d) ve ilgili mevzuat uyar\u0131nca ki\u015fisel verilerinizin nas\u0131l topland\u0131\u011f\u0131, i\u015flendi\u011fi, sakland\u0131\u011f\u0131 ve korundu\u011fu hakk\u0131nda sizi bilgilendirmek amac\u0131yla haz\u0131rlanm\u0131\u015ft\u0131r.<\/p>\n<h4 data-path-to-node=\"6\">1. VER\u0130 SORUMLUSU<\/h4>\n<p data-path-to-node=\"7\">KVKK uyar\u0131nca \u201cVeri Sorumlusu\u201d s\u0131fat\u0131yla ki\u015fisel verilerinizi i\u015fleyen kurum bilgileri a\u015fa\u011f\u0131dad\u0131r:<\/p>\n<ul data-path-to-node=\"8\">\n<li>\n<p data-path-to-node=\"8,0,0\"><b>\u00dcnvan:<\/b> Karag\u00fclle Mobilya (Karag\u00fclle Furniture)<\/p>\n<\/li>\n<li>\n<p data-path-to-node=\"8,1,0\"><b>Adres:<\/b> Hamidiye Mah. Kaymak Sok. No:3, 34408 Ka\u011f\u0131thane\/\u0130stanbul<\/p>\n<\/li>\n<li>\n<p data-path-to-node=\"8,2,0\"><b>Web Sitesi:<\/b> <a class=\"ng-star-inserted\" href=\"https:\/\/www.karagullefurniture.com\" target=\"_blank\" rel=\"noopener\" data-hveid=\"0\" data-ved=\"0CAAQ_4QMahgKEwikiayzjL-RAxUAAAAAHQAAAAAQowE\">www.karagullefurniture.com<\/a><\/p>\n<\/li>\n<\/ul>\n<h4 data-path-to-node=\"9\">2. \u0130\u015eLENEN K\u0130\u015e\u0130SEL VER\u0130LER\u0130N\u0130Z<\/h4>\n<p data-path-to-node=\"10\">Web sitemizi ziyaret etti\u011finizde veya hizmetlerimizden yararland\u0131\u011f\u0131n\u0131zda a\u015fa\u011f\u0131daki ki\u015fisel verileriniz i\u015flenebilmektedir:<\/p>\n<ul data-path-to-node=\"11\">\n<li>\n<p data-path-to-node=\"11,0,0\"><b>Kimlik Bilgileri:<\/b> Ad, soyad.<\/p>\n<\/li>\n<li>\n<p data-path-to-node=\"11,1,0\"><b>\u0130leti\u015fim Bilgileri:<\/b> Telefon numaras\u0131, e-posta adresi, \u015firket\/firma ad\u0131, adres bilgileri (Lokasyon).<\/p>\n<\/li>\n<li>\n<p data-path-to-node=\"11,2,0\"><b>M\u00fc\u015fteri \u0130\u015flem Bilgileri:<\/b> &#8220;Teklif Al&#8221; formu veya di\u011fer kanallar arac\u0131l\u0131\u011f\u0131yla iletti\u011finiz proje detaylar\u0131, talep bilgileri, sipari\u015f ge\u00e7mi\u015fi.<\/p>\n<\/li>\n<li>\n<p data-path-to-node=\"11,3,0\"><b>G\u00f6rsel ve \u0130\u015fitsel Kay\u0131tlar:<\/b> Projenizle ilgili sisteme y\u00fckledi\u011finiz teknik \u00e7izimler, kat planlar\u0131, moodboardlar veya \u00f6rnek g\u00f6rseller (Bu dosyalarda ki\u015fisel veri bulunmas\u0131 halinde).<\/p>\n<\/li>\n<li>\n<p data-path-to-node=\"11,4,0\"><b>\u0130\u015flem G\u00fcvenli\u011fi Bilgileri:<\/b> IP adresi, internet sitesi giri\u015f-\u00e7\u0131k\u0131\u015f bilgileri, \u00e7erez kay\u0131tlar\u0131.<\/p>\n<\/li>\n<\/ul>\n<h4 data-path-to-node=\"12\">3. K\u0130\u015e\u0130SEL VER\u0130LER\u0130N \u0130\u015eLENME AMA\u00c7LARI<\/h4>\n<p data-path-to-node=\"13\">Toplanan ki\u015fisel verileriniz, a\u015fa\u011f\u0131daki ama\u00e7larla KVKK\u2019n\u0131n 5. ve 6. maddelerinde belirtilen ki\u015fisel veri i\u015fleme \u015fartlar\u0131 dahilinde i\u015flenmektedir:<\/p>\n<ul data-path-to-node=\"14\">\n<li>\n<p data-path-to-node=\"14,0,0\">\u00dcr\u00fcn ve hizmetlerimizle ilgili teklif s\u00fcre\u00e7lerinin y\u00fcr\u00fct\u00fclmesi (\u00d6rn: Web sitesindeki form \u00fczerinden proje teklifi olu\u015fturulmas\u0131),<\/p>\n<\/li>\n<li>\n<p data-path-to-node=\"14,1,0\">Ki\u015fiye veya mekana \u00f6zel mobilya tasar\u0131m\u0131, mimari \u00e7\u00f6z\u00fcm ortakl\u0131\u011f\u0131 ve \u00fcretim s\u00fcre\u00e7lerinin planlanmas\u0131,<\/p>\n<\/li>\n<li>\n<p data-path-to-node=\"14,2,0\">M\u00fc\u015fteri ili\u015fkileri y\u00f6netimi s\u00fcre\u00e7lerinin y\u00fcr\u00fct\u00fclmesi ve ileti\u015fim faaliyetleri,<\/p>\n<\/li>\n<li>\n<p data-path-to-node=\"14,3,0\">Lojistik, sevkiyat ve montaj hizmetlerinin (Global Lojistik ve Montaj) ger\u00e7ekle\u015ftirilmesi,<\/p>\n<\/li>\n<li>\n<p data-path-to-node=\"14,4,0\">Talep ve \u015fikayetlerin takibi,<\/p>\n<\/li>\n<li>\n<p data-path-to-node=\"14,5,0\">Yetkili ki\u015fi, kurum ve kurulu\u015flara bilgi verilmesi,<\/p>\n<\/li>\n<li>\n<p data-path-to-node=\"14,6,0\">Bilgi g\u00fcvenli\u011fi s\u00fcre\u00e7lerinin y\u00fcr\u00fct\u00fclmesi.<\/p>\n<\/li>\n<\/ul>\n<h4 data-path-to-node=\"15\">4. K\u0130\u015e\u0130SEL VER\u0130LER\u0130N K\u0130MLERE VE HANG\u0130 AMA\u00c7LA AKTARILAB\u0130LECE\u011e\u0130<\/h4>\n<p data-path-to-node=\"16\">Ki\u015fisel verileriniz, yukar\u0131da belirtilen ama\u00e7lar\u0131n ger\u00e7ekle\u015ftirilmesi do\u011frultusunda; kanunen yetkili kamu kurumlar\u0131na (\u00d6rn: Vergi dairesi, mahkemeler), lojistik ve sevkiyat s\u00fcre\u00e7lerini y\u00fcr\u00fcten i\u015f ortaklar\u0131m\u0131za\/tedarik\u00e7ilerimize ve IT altyap\u0131 hizmeti ald\u0131\u011f\u0131m\u0131z tedarik\u00e7ilere KVKK\u2019n\u0131n 8. ve 9. maddelerine uygun olarak aktar\u0131labilir.<\/p>\n<h4 data-path-to-node=\"17\">5. K\u0130\u015e\u0130SEL VER\u0130 TOPLAMANIN Y\u00d6NTEM\u0130 VE HUKUK\u0130 SEBEB\u0130<\/h4>\n<p data-path-to-node=\"18\">Ki\u015fisel verileriniz; web sitemizdeki &#8220;Teklif Al&#8221; ve &#8220;\u0130leti\u015fim&#8221; formlar\u0131, e-posta, telefon g\u00f6r\u00fc\u015fmeleri ve \u00e7erezler (cookies) arac\u0131l\u0131\u011f\u0131yla elektronik ortamda toplanmaktad\u0131r.<\/p>\n<p data-path-to-node=\"19\">Bu veriler, <b>&#8220;Bir s\u00f6zle\u015fmenin kurulmas\u0131 veya ifas\u0131yla do\u011frudan do\u011fruya ilgili olmas\u0131 kayd\u0131yla, s\u00f6zle\u015fmenin taraflar\u0131na ait ki\u015fisel verilerin i\u015flenmesinin gerekli olmas\u0131&#8221;<\/b> (\u00d6rn: Teklif sunulmas\u0131 ve \u00fcretim yap\u0131lmas\u0131) ve <b>&#8220;Veri sorumlusunun me\u015fru menfaatleri i\u00e7in veri i\u015flenmesinin zorunlu olmas\u0131&#8221;<\/b> hukuki sebeplerine dayan\u0131larak i\u015flenmektedir. A\u00e7\u0131k r\u0131za gerektiren hallerde (\u00d6rn: Elektronik ticari ileti g\u00f6nderimi) ayr\u0131ca r\u0131zan\u0131z al\u0131n\u0131r.<\/p>\n<h4 data-path-to-node=\"20\">6. VER\u0130 G\u00dcVENL\u0130\u011e\u0130<\/h4>\n<p data-path-to-node=\"21\">Karag\u00fclle Furniture, ki\u015fisel verilerinizin hukuka ayk\u0131r\u0131 olarak i\u015flenmesini ve eri\u015filmesini \u00f6nlemek, verilerin muhafazas\u0131n\u0131 sa\u011flamak amac\u0131yla uygun g\u00fcvenlik d\u00fczeyini temin etmeye y\u00f6nelik gerekli her t\u00fcrl\u00fc teknik ve idari tedbiri almaktad\u0131r.<\/p>\n<h4 data-path-to-node=\"22\">7. \u0130LG\u0130L\u0130 K\u0130\u015e\u0130N\u0130N HAKLARI (KVKK MADDE 11)<\/h4>\n<p data-path-to-node=\"23\">Ki\u015fisel veri sahibi olarak, Kanun\u2019un 11. maddesi uyar\u0131nca a\u015fa\u011f\u0131daki haklara sahipsiniz:<\/p>\n<ul data-path-to-node=\"24\">\n<li>\n<p data-path-to-node=\"24,0,0\">Ki\u015fisel verinizin i\u015flenip i\u015flenmedi\u011fini \u00f6\u011frenme,<\/p>\n<\/li>\n<li>\n<p data-path-to-node=\"24,1,0\">Ki\u015fisel verileriniz i\u015flenmi\u015fse buna ili\u015fkin bilgi talep etme,<\/p>\n<\/li>\n<li>\n<p data-path-to-node=\"24,2,0\">Ki\u015fisel verilerin i\u015flenme amac\u0131n\u0131 ve bunlar\u0131n amac\u0131na uygun kullan\u0131l\u0131p kullan\u0131lmad\u0131\u011f\u0131n\u0131 \u00f6\u011frenme,<\/p>\n<\/li>\n<li>\n<p data-path-to-node=\"24,3,0\">Yurt i\u00e7inde veya yurt d\u0131\u015f\u0131nda ki\u015fisel verilerin aktar\u0131ld\u0131\u011f\u0131 \u00fc\u00e7\u00fcnc\u00fc ki\u015fileri bilme,<\/p>\n<\/li>\n<li>\n<p data-path-to-node=\"24,4,0\">Ki\u015fisel verilerin eksik veya yanl\u0131\u015f i\u015flenmi\u015f olmas\u0131 h\u00e2linde bunlar\u0131n d\u00fczeltilmesini isteme,<\/p>\n<\/li>\n<li>\n<p data-path-to-node=\"24,5,0\">KVKK \u00f6ng\u00f6r\u00fclen \u015fartlar \u00e7er\u00e7evesinde ki\u015fisel verilerin silinmesini veya yok edilmesini isteme,<\/p>\n<\/li>\n<li>\n<p data-path-to-node=\"24,6,0\">\u0130\u015flemlerin, verilerin aktar\u0131ld\u0131\u011f\u0131 \u00fc\u00e7\u00fcnc\u00fc ki\u015filere bildirilmesini isteme,<\/p>\n<\/li>\n<li>\n<p data-path-to-node=\"24,7,0\">\u0130\u015flenen verilerin m\u00fcnhas\u0131ran otomatik sistemler vas\u0131tas\u0131yla analiz edilmesi suretiyle aleyhinize bir sonucun ortaya \u00e7\u0131kmas\u0131na itiraz etme,<\/p>\n<\/li>\n<li>\n<p data-path-to-node=\"24,8,0\">Ki\u015fisel verilerin kanuna ayk\u0131r\u0131 olarak i\u015flenmesi sebebiyle zarara u\u011framan\u0131z h\u00e2linde zarar\u0131n giderilmesini talep etme.<\/p>\n<\/li>\n<\/ul>\n<h4 data-path-to-node=\"25\">8. \u0130LET\u0130\u015e\u0130M<\/h4>\n<p data-path-to-node=\"26\">Bu haklar\u0131n\u0131z\u0131 kullanmak ile ilgili taleplerinizi, yaz\u0131l\u0131 olarak veya kay\u0131tl\u0131 elektronik posta (KEP) adresi, g\u00fcvenli elektronik imza, mobil imza ya da taraf\u0131n\u0131zca daha \u00f6nce bildirilen ve sistemimizde kay\u0131tl\u0131 bulunan elektronik posta adresini kullanmak suretiyle a\u015fa\u011f\u0131daki ileti\u015fim kanallar\u0131ndan bize iletebilirsiniz.<\/p>\n<p data-path-to-node=\"27\"><b>Ba\u015fvuru Adresi:<\/b> Hamidiye, Kaymak Soka\u011f\u0131, No:3, 34408 Ka\u011f\u0131thane\/\u0130stanbul<\/p>\n<p data-path-to-node=\"27\"><b>E-Posta:<\/b> info@karagullemobilya.com<\/p>\n<\/div><div class=\"fusion-text fusion-text-2\"><\/div><\/div><\/div><\/div><\/div>\n","protected":false},"excerpt":{"rendered":"","protected":false},"author":1,"featured_media":0,"parent":0,"menu_order":0,"comment_status":"closed","ping_status":"closed","template":"100-width.php","meta":{"footnotes":""},"class_list":["post-710","page","type-page","status-publish","hentry"],"_links":{"self":[{"href":"https:\/\/www.karagullefurniture.com\/index.php\/wp-json\/wp\/v2\/pages\/710","targetHints":{"allow":["GET"]}}],"collection":[{"href":"https:\/\/www.karagullefurniture.com\/index.php\/wp-json\/wp\/v2\/pages"}],"about":[{"href":"https:\/\/www.karagullefurniture.com\/index.php\/wp-json\/wp\/v2\/types\/page"}],"author":[{"embeddable":true,"href":"https:\/\/www.karagullefurniture.com\/index.php\/wp-json\/wp\/v2\/users\/1"}],"replies":[{"embeddable":true,"href":"https:\/\/www.karagullefurniture.com\/index.php\/wp-json\/wp\/v2\/comments?post=710"}],"version-history":[{"count":3,"href":"https:\/\/www.karagullefurniture.com\/index.php\/wp-json\/wp\/v2\/pages\/710\/revisions"}],"predecessor-version":[{"id":714,"href":"https:\/\/www.karagullefurniture.com\/index.php\/wp-json\/wp\/v2\/pages\/710\/revisions\/714"}],"wp:attachment":[{"href":"https:\/\/www.karagullefurniture.com\/index.php\/wp-json\/wp\/v2\/media?parent=710"}],"curies":[{"name":"wp","href":"https:\/\/api.w.org\/{rel}","templated":true}]}}