{"id":719,"date":"2025-12-15T12:39:04","date_gmt":"2025-12-15T12:39:04","guid":{"rendered":"https:\/\/www.karagullefurniture.com\/?page_id=719"},"modified":"2025-12-15T12:42:39","modified_gmt":"2025-12-15T12:42:39","slug":"kalite-politikasi","status":"publish","type":"page","link":"https:\/\/www.karagullefurniture.com\/index.php\/kalite-politikasi\/","title":{"rendered":"Kalite Politikas\u0131"},"content":{"rendered":"<div class=\"fusion-fullwidth fullwidth-box fusion-builder-row-1 fusion-flex-container has-pattern-background has-mask-background nonhundred-percent-fullwidth non-hundred-percent-height-scrolling\" style=\"--awb-border-radius-top-left:0px;--awb-border-radius-top-right:0px;--awb-border-radius-bottom-right:0px;--awb-border-radius-bottom-left:0px;--awb-flex-wrap:wrap;\" ><div class=\"fusion-builder-row fusion-row fusion-flex-align-items-flex-start fusion-flex-content-wrap\" style=\"max-width:1248px;margin-left: calc(-4% \/ 2 );margin-right: calc(-4% \/ 2 );\"><div class=\"fusion-layout-column fusion_builder_column fusion-builder-column-0 fusion_builder_column_1_1 1_1 fusion-flex-column\" style=\"--awb-bg-size:cover;--awb-width-large:100%;--awb-margin-top-large:0px;--awb-spacing-right-large:1.92%;--awb-margin-bottom-large:20px;--awb-spacing-left-large:1.92%;--awb-width-medium:100%;--awb-order-medium:0;--awb-spacing-right-medium:1.92%;--awb-spacing-left-medium:1.92%;--awb-width-small:100%;--awb-order-small:0;--awb-spacing-right-small:1.92%;--awb-spacing-left-small:1.92%;\"><div class=\"fusion-column-wrapper fusion-column-has-shadow fusion-flex-justify-content-flex-start fusion-content-layout-column\"><div class=\"fusion-title title fusion-title-1 fusion-sep-none fusion-title-text fusion-title-size-two\" style=\"--awb-text-color:var(--awb-custom_color_1);--awb-margin-top-small:10px;--awb-margin-right-small:0px;--awb-margin-bottom-small:10px;--awb-margin-left-small:0px;\"><h2 class=\"fusion-title-heading title-heading-left\" style=\"margin:0;\"><h1 data-path-to-node=\"3\">KAL\u0130TE POL\u0130T\u0130KASI<\/h1><\/h2><\/div><div class=\"fusion-text fusion-text-1\"><p data-path-to-node=\"4\">&nbsp;<\/p>\n<p data-path-to-node=\"4\"><b>Karag\u00fclle Mobilya<\/b> olarak, mobilya \u00fcretimi ve proje dekorasyon sekt\u00f6r\u00fcnde; esteti\u011fi, fonksiyonelli\u011fi ve dayan\u0131kl\u0131l\u0131\u011f\u0131 bir araya getiren &#8220;zamans\u0131z tasar\u0131mlar&#8221; ilkesiyle hareket ediyoruz.<\/p>\n<p data-path-to-node=\"5\">M\u00fc\u015fterilerimizin hayallerini ger\u00e7e\u011fe d\u00f6n\u00fc\u015ft\u00fcr\u00fcrken, proje bazl\u0131 \u00fcretimden anahtar teslim \u00e7\u00f6z\u00fcmlere kadar t\u00fcm s\u00fcre\u00e7lerimizde a\u015fa\u011f\u0131daki temel ilkeleri kalite politikam\u0131z olarak benimsiyoruz:<\/p>\n<h4 data-path-to-node=\"6\">1. M\u00dcKEMMELL\u0130YET\u00c7\u0130 \u00dcRET\u0130M ANLAYI\u015eI<\/h4>\n<p data-path-to-node=\"7\">Geleneksel ustal\u0131\u011f\u0131 modern \u00fcretim teknolojileriyle harmanlayarak, &#8220;kusursuz i\u015f\u00e7ilik&#8221; prensibinden asla taviz vermeyiz. Kulland\u0131\u011f\u0131m\u0131z hammaddeden son cila katman\u0131na kadar her detayda 1. s\u0131n\u0131f malzeme ve i\u015f\u00e7ilik standartlar\u0131n\u0131 uygular\u0131z.<\/p>\n<h4 data-path-to-node=\"8\">2. M\u00dc\u015eTER\u0130 ODAKLILIK VE \u00c7\u00d6Z\u00dcM ORTAKLI\u011eI<\/h4>\n<p data-path-to-node=\"9\">M\u00fc\u015fterilerimizi sadece bir al\u0131c\u0131 olarak de\u011fil, birer &#8220;\u00e7\u00f6z\u00fcm orta\u011f\u0131&#8221; olarak g\u00f6r\u00fcr\u00fcz. Mimari ofisler, oteller, restoranlar ve bireysel m\u00fc\u015fterilerimizin ihtiya\u00e7lar\u0131n\u0131 tam olarak analiz eder; mekana \u00f6zel, milimetrik ve terzi i\u015fi \u00fcretim yaparak beklentilerin \u00f6tesine ge\u00e7meyi hedefleriz.<\/p>\n<h4 data-path-to-node=\"10\">3. ZAMANINDA VE EKS\u0130KS\u0130Z TESL\u0130MAT<\/h4>\n<p data-path-to-node=\"11\">Projelerin zaman planlamas\u0131na sad\u0131k kalmak bizim i\u00e7in \u00fcretim kalitesi kadar \u00f6nemlidir. \u00dcretim, paketleme, global lojistik ve montaj s\u00fcre\u00e7lerini entegre bir \u015fekilde y\u00f6neterek, taahh\u00fct etti\u011fimiz zamanda ve eksiksiz teslimat sa\u011flar\u0131z.<\/p>\n<h4 data-path-to-node=\"12\">4. S\u00dcREKL\u0130 GEL\u0130\u015e\u0130M VE \u0130NOVASYON<\/h4>\n<p data-path-to-node=\"13\">Sekt\u00f6rdeki k\u00fcresel trendleri, yeni malzemeleri ve \u00fcretim teknolojilerini yak\u0131ndan takip ederiz. \u00c7al\u0131\u015fanlar\u0131m\u0131z\u0131n yetkinliklerini s\u00fcrekli art\u0131rarak ve \u00fcretim parkurumuzu g\u00fcncel tutarak, kalite standartlar\u0131m\u0131z\u0131 her ge\u00e7en g\u00fcn bir \u00fcst seviyeye ta\u015f\u0131r\u0131z.<\/p>\n<h4 data-path-to-node=\"14\">5. S\u00dcRD\u00dcR\u00dcLEB\u0130L\u0130RL\u0130K VE \u00c7EVREYE SAYGI<\/h4>\n<p data-path-to-node=\"15\">Do\u011fal kaynaklar\u0131n verimli kullan\u0131m\u0131n\u0131 g\u00f6zetir, \u00fcretim s\u00fcre\u00e7lerimizde \u00e7evreye duyarl\u0131 malzemeler kullanmaya \u00f6zen g\u00f6steririz. \u0130nsan sa\u011fl\u0131\u011f\u0131na ve \u00e7evreye zarar vermeyen, uluslararas\u0131 standartlara uygun \u00fcretim yapar\u0131z.<\/p>\n<p data-path-to-node=\"15\">&nbsp;<\/p>\n<p data-path-to-node=\"16\"><b>Karag\u00fclle Mobilya Y\u00f6netimi<\/b> olarak; bu kalite politikas\u0131n\u0131n t\u00fcm \u00e7al\u0131\u015fanlar\u0131m\u0131z taraf\u0131ndan benimsenmesini, uygulanmas\u0131n\u0131 ve Kalite Y\u00f6netim Sistemimizin s\u00fcrekli iyile\u015ftirilmesini taahh\u00fct ederiz.<\/p>\n<\/div><\/div><\/div><\/div><\/div>\n","protected":false},"excerpt":{"rendered":"","protected":false},"author":1,"featured_media":0,"parent":0,"menu_order":0,"comment_status":"closed","ping_status":"closed","template":"100-width.php","meta":{"footnotes":""},"class_list":["post-719","page","type-page","status-publish","hentry"],"_links":{"self":[{"href":"https:\/\/www.karagullefurniture.com\/index.php\/wp-json\/wp\/v2\/pages\/719","targetHints":{"allow":["GET"]}}],"collection":[{"href":"https:\/\/www.karagullefurniture.com\/index.php\/wp-json\/wp\/v2\/pages"}],"about":[{"href":"https:\/\/www.karagullefurniture.com\/index.php\/wp-json\/wp\/v2\/types\/page"}],"author":[{"embeddable":true,"href":"https:\/\/www.karagullefurniture.com\/index.php\/wp-json\/wp\/v2\/users\/1"}],"replies":[{"embeddable":true,"href":"https:\/\/www.karagullefurniture.com\/index.php\/wp-json\/wp\/v2\/comments?post=719"}],"version-history":[{"count":2,"href":"https:\/\/www.karagullefurniture.com\/index.php\/wp-json\/wp\/v2\/pages\/719\/revisions"}],"predecessor-version":[{"id":721,"href":"https:\/\/www.karagullefurniture.com\/index.php\/wp-json\/wp\/v2\/pages\/719\/revisions\/721"}],"wp:attachment":[{"href":"https:\/\/www.karagullefurniture.com\/index.php\/wp-json\/wp\/v2\/media?parent=719"}],"curies":[{"name":"wp","href":"https:\/\/api.w.org\/{rel}","templated":true}]}}