{"id":723,"date":"2025-12-15T12:44:38","date_gmt":"2025-12-15T12:44:38","guid":{"rendered":"https:\/\/www.karagullefurniture.com\/?page_id=723"},"modified":"2025-12-15T12:55:09","modified_gmt":"2025-12-15T12:55:09","slug":"kvkk-aydinlatma-metni","status":"publish","type":"page","link":"https:\/\/www.karagullefurniture.com\/index.php\/kvkk-aydinlatma-metni\/","title":{"rendered":"KVKK Ayd\u0131nlatma Metni"},"content":{"rendered":"<div class=\"fusion-fullwidth fullwidth-box fusion-builder-row-1 fusion-flex-container has-pattern-background has-mask-background nonhundred-percent-fullwidth non-hundred-percent-height-scrolling\" style=\"--awb-border-radius-top-left:0px;--awb-border-radius-top-right:0px;--awb-border-radius-bottom-right:0px;--awb-border-radius-bottom-left:0px;--awb-flex-wrap:wrap;\" ><div class=\"fusion-builder-row fusion-row fusion-flex-align-items-flex-start fusion-flex-content-wrap\" style=\"max-width:1248px;margin-left: calc(-4% \/ 2 );margin-right: calc(-4% \/ 2 );\"><div class=\"fusion-layout-column fusion_builder_column fusion-builder-column-0 fusion_builder_column_1_1 1_1 fusion-flex-column\" style=\"--awb-bg-size:cover;--awb-width-large:100%;--awb-margin-top-large:0px;--awb-spacing-right-large:1.92%;--awb-margin-bottom-large:20px;--awb-spacing-left-large:1.92%;--awb-width-medium:100%;--awb-order-medium:0;--awb-spacing-right-medium:1.92%;--awb-spacing-left-medium:1.92%;--awb-width-small:100%;--awb-order-small:0;--awb-spacing-right-small:1.92%;--awb-spacing-left-small:1.92%;\"><div class=\"fusion-column-wrapper fusion-column-has-shadow fusion-flex-justify-content-flex-start fusion-content-layout-column\"><div class=\"fusion-title title fusion-title-1 fusion-sep-none fusion-title-text fusion-title-size-two\" style=\"--awb-text-color:var(--awb-custom_color_1);--awb-margin-top-small:10px;--awb-margin-right-small:0px;--awb-margin-bottom-small:10px;--awb-margin-left-small:0px;\"><h2 class=\"fusion-title-heading title-heading-left\" style=\"margin:0;\">K\u0130\u015e\u0130SEL VER\u0130LER\u0130N KORUNMASI VE \u0130\u015eLENMES\u0130 HAKKINDA AYDINLATMA METN\u0130<\/h2><\/div><div class=\"fusion-text fusion-text-1\"><p data-path-to-node=\"4\">&nbsp;<\/p>\n<p data-path-to-node=\"4\"><b>Karag\u00fclle Mobilya<\/b> (\u201c\u015eirket\u201d veya \u201cKarag\u00fclle Furniture\u201d) olarak; 6698 say\u0131l\u0131 Ki\u015fisel Verilerin Korunmas\u0131 Kanunu (\u201cKVKK\u201d veya \u201cKanun\u201d) uyar\u0131nca, veri sorumlusu s\u0131fat\u0131yla, ki\u015fisel verilerinizin g\u00fcvenli\u011fi hususuna azami hassasiyet g\u00f6stermekteyiz. Bu kapsamda, \u00fcr\u00fcn ve hizmetlerimizden faydalanan ki\u015filer dahil olmak \u00fczere \u015eirketimiz ile ili\u015fkili t\u00fcm \u015fah\u0131slara ait her t\u00fcrl\u00fc ki\u015fisel verinin hukuka uygun olarak i\u015flenmesi ve muhafaza edilmesi konusunda gerekli teknik ve idari tedbirleri almaktay\u0131z.<\/p>\n<p data-path-to-node=\"5\">Bu ayd\u0131nlatma metni, KVKK\u2019n\u0131n 10. maddesi kapsam\u0131nda \u201cVeri Sorumlusu\u201d s\u0131fat\u0131yla ger\u00e7ekle\u015ftirdi\u011fimiz ki\u015fisel veri i\u015fleme faaliyetleri hakk\u0131nda sizleri bilgilendirmek amac\u0131yla haz\u0131rlanm\u0131\u015ft\u0131r.<\/p>\n<h4 data-path-to-node=\"6\">1. VER\u0130 SORUMLUSU<\/h4>\n<p data-path-to-node=\"7\">Ki\u015fisel verileriniz, veri sorumlusu s\u0131fat\u0131yla <b>Karag\u00fclle Mobilya<\/b> taraf\u0131ndan a\u015fa\u011f\u0131da a\u00e7\u0131klanan kapsamda i\u015flenebilecektir.<\/p>\n<ul data-path-to-node=\"8\">\n<li>\n<p data-path-to-node=\"8,0,0\"><b>Adres:<\/b> Hamidiye, Kaymak Soka\u011f\u0131, No:3, 34408 Ka\u011f\u0131thane\/\u0130stanbul<\/p>\n<\/li>\n<li>\n<p data-path-to-node=\"8,1,0\"><b>E-Posta: <\/b>info@karagullemobilya.com<\/p>\n<\/li>\n<li>\n<p data-path-to-node=\"8,2,0\"><b>Web Sitesi:<\/b> <a class=\"ng-star-inserted\" href=\"https:\/\/www.karagullefurniture.com\" target=\"_blank\" rel=\"noopener\" data-hveid=\"0\" data-ved=\"0CAAQ_4QMahgKEwikiayzjL-RAxUAAAAAHQAAAAAQqwM\">www.karagullefurniture.com<\/a><\/p>\n<\/li>\n<\/ul>\n<h4 data-path-to-node=\"9\">2. \u0130\u015eLENEN K\u0130\u015e\u0130SEL VER\u0130LER\u0130N\u0130Z<\/h4>\n<p data-path-to-node=\"10\">\u015eirketimizle kurdu\u011funuz ili\u015fki kapsam\u0131nda (m\u00fc\u015fteri, tedarik\u00e7i, ziyaret\u00e7i vb.) a\u015fa\u011f\u0131daki ki\u015fisel verileriniz i\u015flenebilmektedir:<\/p>\n<ul data-path-to-node=\"11\">\n<li>\n<p data-path-to-node=\"11,0,0\"><b>Kimlik Bilgileri:<\/b> Ad, soyad.<\/p>\n<\/li>\n<li>\n<p data-path-to-node=\"11,1,0\"><b>\u0130leti\u015fim Bilgileri:<\/b> E-posta adresi, telefon numaras\u0131, a\u00e7\u0131k adres\/lokasyon bilgisi.<\/p>\n<\/li>\n<li>\n<p data-path-to-node=\"11,2,0\"><b>M\u00fc\u015fteri \u0130\u015flem Bilgileri:<\/b> Talep ve sipari\u015f bilgileri, proje detaylar\u0131, fatura bilgileri, firma ad\u0131.<\/p>\n<\/li>\n<li>\n<p data-path-to-node=\"11,3,0\"><b>G\u00f6rsel\/\u0130\u015fitsel Veriler:<\/b> Taraf\u0131m\u0131za iletilen proje \u00e7izimleri veya g\u00f6rselleri i\u00e7erisinde yer almas\u0131 muhtemel veriler.<\/p>\n<\/li>\n<li>\n<p data-path-to-node=\"11,4,0\"><b>\u0130\u015flem G\u00fcvenli\u011fi Bilgileri:<\/b> IP adresi, internet sitesi giri\u015f-\u00e7\u0131k\u0131\u015f kay\u0131tlar\u0131.<\/p>\n<\/li>\n<\/ul>\n<h4 data-path-to-node=\"12\">3. K\u0130\u015e\u0130SEL VER\u0130LER\u0130N \u0130\u015eLENME AMACI<\/h4>\n<p data-path-to-node=\"13\">Toplanan ki\u015fisel verileriniz, a\u015fa\u011f\u0131daki ama\u00e7larla ve Kanun\u2019un 5. ve 6. maddelerinde belirtilen \u015fartlara uygun olarak i\u015flenmektedir:<\/p>\n<ul data-path-to-node=\"14\">\n<li>\n<p data-path-to-node=\"14,0,0\">\u00dcr\u00fcn ve hizmetlerimizle ilgili tekliflerin haz\u0131rlanmas\u0131 ve sunulmas\u0131,<\/p>\n<\/li>\n<li>\n<p data-path-to-node=\"14,1,0\">\u00d6zel tasar\u0131m mobilya ve proje \u00fcretim s\u00fcre\u00e7lerinin y\u00fcr\u00fct\u00fclmesi,<\/p>\n<\/li>\n<li>\n<p data-path-to-node=\"14,2,0\">S\u00f6zle\u015fme s\u00fcre\u00e7lerinin y\u00fcr\u00fct\u00fclmesi ve s\u00f6zle\u015fme sonras\u0131 hizmetlerin (Lojistik, Montaj vb.) ifas\u0131,<\/p>\n<\/li>\n<li>\n<p data-path-to-node=\"14,3,0\">M\u00fc\u015fteri ili\u015fkileri y\u00f6netimi ve ileti\u015fim faaliyetlerinin y\u00fcr\u00fct\u00fclmesi,<\/p>\n<\/li>\n<li>\n<p data-path-to-node=\"14,4,0\">Finans ve muhasebe i\u015flerinin takibi,<\/p>\n<\/li>\n<li>\n<p data-path-to-node=\"14,5,0\">Talep ve \u015fikayetlerin de\u011ferlendirilmesi,<\/p>\n<\/li>\n<li>\n<p data-path-to-node=\"14,6,0\">Yetkili kamu kurum ve kurulu\u015flar\u0131na bilgi verilmesi zorunlulu\u011fu.<\/p>\n<\/li>\n<\/ul>\n<h4 data-path-to-node=\"15\">4. K\u0130\u015e\u0130SEL VER\u0130LER\u0130N AKTARILMASI<\/h4>\n<p data-path-to-node=\"16\">Ki\u015fisel verileriniz; yukar\u0131da belirtilen ama\u00e7lar\u0131n ger\u00e7ekle\u015ftirilmesi do\u011frultusunda ve Kanun\u2019un 8. ve 9. maddelerine uygun olarak;<\/p>\n<ul data-path-to-node=\"17\">\n<li>\n<p data-path-to-node=\"17,0,0\">Lojistik ve sevkiyat hizmeti al\u0131nan i\u015f ortaklar\u0131na,<\/p>\n<\/li>\n<li>\n<p data-path-to-node=\"17,1,0\">Bili\u015fim altyap\u0131 hizmeti al\u0131nan tedarik\u00e7ilere (Sunucu, e-posta hizmeti vb.),<\/p>\n<\/li>\n<li>\n<p data-path-to-node=\"17,2,0\">Kanunen yetkili kamu kurumlar\u0131na ve \u00f6zel hukuk t\u00fczel ki\u015filerine (\u00d6rn: Vergi daireleri, adli makamlar) aktar\u0131labilecektir.<\/p>\n<\/li>\n<\/ul>\n<h4 data-path-to-node=\"18\">5. K\u0130\u015e\u0130SEL VER\u0130 TOPLAMANIN Y\u00d6NTEM\u0130 VE HUKUK\u0130 SEBEB\u0130<\/h4>\n<p data-path-to-node=\"19\">Ki\u015fisel verileriniz; web sitemiz, e-posta, telefon ve fiziki ortamlar arac\u0131l\u0131\u011f\u0131yla s\u00f6zl\u00fc, yaz\u0131l\u0131 veya elektronik ortamda toplanmaktad\u0131r.<\/p>\n<p data-path-to-node=\"20\">Bu veriler; <b>\u201cBir s\u00f6zle\u015fmenin kurulmas\u0131 veya ifas\u0131yla do\u011frudan do\u011fruya ilgili olmas\u0131\u201d<\/b> (\u00d6rn: Sipari\u015fin al\u0131nmas\u0131 ve teslimi), <b>\u201cVeri sorumlusunun hukuki y\u00fck\u00fcml\u00fcl\u00fc\u011f\u00fcn\u00fc yerine getirebilmesi\u201d<\/b> ve <b>\u201c\u0130lgili ki\u015finin temel hak ve \u00f6zg\u00fcrl\u00fcklerine zarar vermemek kayd\u0131yla, veri sorumlusunun me\u015fru menfaatleri i\u00e7in veri i\u015flenmesinin zorunlu olmas\u0131\u201d<\/b> hukuki sebeplerine dayal\u0131 olarak i\u015flenmektedir.<\/p>\n<h4 data-path-to-node=\"21\">6. \u0130LG\u0130L\u0130 K\u0130\u015e\u0130N\u0130N HAKLARI (KVKK MADDE 11)<\/h4>\n<p data-path-to-node=\"22\">Kanun\u2019un 11. maddesi uyar\u0131nca, veri sahibi olarak \u015eirketimize ba\u015fvurarak;<\/p>\n<ul data-path-to-node=\"23\">\n<li>\n<p data-path-to-node=\"23,0,0\">Ki\u015fisel verilerinizin i\u015flenip i\u015flenmedi\u011fini \u00f6\u011frenme,<\/p>\n<\/li>\n<li>\n<p data-path-to-node=\"23,1,0\">\u0130\u015flenmi\u015fse buna ili\u015fkin bilgi talep etme,<\/p>\n<\/li>\n<li>\n<p data-path-to-node=\"23,2,0\">\u0130\u015flenme amac\u0131n\u0131 ve amac\u0131na uygun kullan\u0131l\u0131p kullan\u0131lmad\u0131\u011f\u0131n\u0131 \u00f6\u011frenme,<\/p>\n<\/li>\n<li>\n<p data-path-to-node=\"23,3,0\">Yurt i\u00e7inde veya yurt d\u0131\u015f\u0131nda aktar\u0131ld\u0131\u011f\u0131 3. ki\u015fileri bilme,<\/p>\n<\/li>\n<li>\n<p data-path-to-node=\"23,4,0\">Eksik veya yanl\u0131\u015f i\u015flenmi\u015fse d\u00fczeltilmesini isteme,<\/p>\n<\/li>\n<li>\n<p data-path-to-node=\"23,5,0\">Kanun\u2019daki \u015fartlar \u00e7er\u00e7evesinde silinmesini veya yok edilmesini isteme,<\/p>\n<\/li>\n<li>\n<p data-path-to-node=\"23,6,0\">Aleyhinize bir sonucun ortaya \u00e7\u0131kmas\u0131na itiraz etme,<\/p>\n<\/li>\n<li>\n<p data-path-to-node=\"23,7,0\">Kanuna ayk\u0131r\u0131 i\u015flenme sebebiyle zarara u\u011framan\u0131z halinde zarar\u0131n giderilmesini talep etme haklar\u0131na sahipsiniz.<\/p>\n<\/li>\n<\/ul>\n<p data-path-to-node=\"24\">Taleplerinizi yaz\u0131l\u0131 olarak yukar\u0131daki adresimize veya kay\u0131tl\u0131 elektronik posta (KEP) adresi, g\u00fcvenli elektronik imza, mobil imza ya da bize daha \u00f6nce bildirdi\u011finiz e-posta adresi arac\u0131l\u0131\u011f\u0131yla info@karagullemobilya.com adresine iletebilirsiniz.<\/p>\n<\/div><\/div><\/div><\/div><\/div>\n","protected":false},"excerpt":{"rendered":"","protected":false},"author":1,"featured_media":0,"parent":0,"menu_order":0,"comment_status":"closed","ping_status":"closed","template":"100-width.php","meta":{"footnotes":""},"class_list":["post-723","page","type-page","status-publish","hentry"],"_links":{"self":[{"href":"https:\/\/www.karagullefurniture.com\/index.php\/wp-json\/wp\/v2\/pages\/723","targetHints":{"allow":["GET"]}}],"collection":[{"href":"https:\/\/www.karagullefurniture.com\/index.php\/wp-json\/wp\/v2\/pages"}],"about":[{"href":"https:\/\/www.karagullefurniture.com\/index.php\/wp-json\/wp\/v2\/types\/page"}],"author":[{"embeddable":true,"href":"https:\/\/www.karagullefurniture.com\/index.php\/wp-json\/wp\/v2\/users\/1"}],"replies":[{"embeddable":true,"href":"https:\/\/www.karagullefurniture.com\/index.php\/wp-json\/wp\/v2\/comments?post=723"}],"version-history":[{"count":3,"href":"https:\/\/www.karagullefurniture.com\/index.php\/wp-json\/wp\/v2\/pages\/723\/revisions"}],"predecessor-version":[{"id":727,"href":"https:\/\/www.karagullefurniture.com\/index.php\/wp-json\/wp\/v2\/pages\/723\/revisions\/727"}],"wp:attachment":[{"href":"https:\/\/www.karagullefurniture.com\/index.php\/wp-json\/wp\/v2\/media?parent=723"}],"curies":[{"name":"wp","href":"https:\/\/api.w.org\/{rel}","templated":true}]}}